{"id":797,"date":"2023-12-19T08:30:16","date_gmt":"2023-12-19T08:30:16","guid":{"rendered":"https:\/\/www.alanyaaractakip.com\/?page_id=797"},"modified":"2023-12-20T00:01:37","modified_gmt":"2023-12-20T00:01:37","slug":"whyus","status":"publish","type":"page","link":"https:\/\/www.alanyaaractakip.com\/index.php\/whyus\/","title":{"rendered":"Neden Biz ?"},"content":{"rendered":"<div data-colibri-id=\"797-c1\" class=\"style-351 style-local-797-c1 position-relative\">\n  <!---->\n  <div data-colibri-component=\"section\" data-colibri-id=\"797-c2\" id=\"custom\" class=\"h-section h-section-global-spacing d-flex align-items-lg-center align-items-md-center align-items-center style-352 style-local-797-c2 position-relative\">\n    <!---->\n    <!---->\n    <div class=\"h-section-grid-container h-section-boxed-container\">\n      <!---->\n      <div data-colibri-id=\"797-c3\" class=\"h-row-container gutters-row-lg-2 gutters-row-md-2 gutters-row-0 gutters-row-v-lg-2 gutters-row-v-md-2 gutters-row-v-2 style-353 style-local-797-c3 position-relative\">\n        <!---->\n        <div class=\"h-row justify-content-lg-center justify-content-md-center justify-content-center align-items-lg-stretch align-items-md-stretch align-items-stretch gutters-col-lg-2 gutters-col-md-2 gutters-col-0 gutters-col-v-lg-2 gutters-col-v-md-2 gutters-col-v-2\">\n          <!---->\n          <div class=\"h-column h-column-container d-flex h-col-lg-auto h-col-md-auto h-col-auto style-354-outer style-local-797-c4-outer\">\n            <div data-colibri-id=\"797-c4\" class=\"d-flex h-flex-basis h-column__inner h-ui-empty-state-container h-px-lg-2 h-px-md-2 h-px-2 v-inner-lg-2 v-inner-md-2 v-inner-2 style-354 style-local-797-c4 position-relative\">\n              <!---->\n              <!---->\n              <div class=\"w-100 h-y-container h-column__content h-column__v-align flex-basis-100\">\n                <!---->\n              <\/div>\n            <\/div>\n          <\/div>\n          <div class=\"h-column h-column-container d-flex h-col-lg-auto h-col-md-auto h-col-auto style-355-outer style-local-797-c5-outer\">\n            <div data-colibri-id=\"797-c5\" class=\"d-flex h-flex-basis h-column__inner h-px-lg-2 h-px-md-2 h-px-2 v-inner-lg-2 v-inner-md-2 v-inner-2 style-355 style-local-797-c5 position-relative\">\n              <!---->\n              <!---->\n              <div class=\"w-100 h-y-container h-column__content h-column__v-align flex-basis-100 align-self-lg-start align-self-md-start align-self-start\">\n                <!---->\n                <div data-colibri-id=\"797-c6\" class=\"h-lead h-text h-text-component style-357 style-local-797-c6 position-relative h-element\">\n                  <!---->\n                  <!---->\n                  <div class=\"\">\n                    <p>YAKIT TASARRUFU\n                      <br>Ara\u00e7lar\u0131n g\u00f6rev harici kullan\u0131lmas\u0131n\u0131 engeller.\n                      <br>\n                      <br>VER\u0130ML\u0130L\u0130K\n                      <br>Zaman\u0131 daha verimli kullanman\u0131z\u0131 sa\u011flar.\n                      <br>\n                      <br>G\u00dcVENL\u0130K\n                      <br>Trafik kurallar\u0131na uyulmas\u0131n\u0131 sa\u011flar.\n                      <br>\n                      <br>KONTROL\n                      <br>Ara\u00e7lar ve s\u00fcr\u00fcc\u00fc \u00fczerindeki denetimi art\u0131r\u0131r.\n                      <br>\n                      <br>BAKIM MAL\u0130YETLER\u0130NDEN TASARRUF\n                      <br>Ar\u0131zya sebep verebilecek kullan\u0131c\u0131 hatalar\u0131n\u0131 tespit eder.\n                      <br>\n                      <br>OPERASYONEL VER\u0130ML\u0130L\u0130K\n                      <br>\u0130\u015f g\u00fcc\u00fcnden \u00f6nemli oranda tasarruf&nbsp;ve zaman kazand\u0131r\u0131r.\n                      <br>\n                    <\/p>\n                  <\/div>\n                <\/div>\n              <\/div>\n            <\/div>\n          <\/div>\n          <div class=\"h-column h-column-container d-flex h-col-lg-auto h-col-md-auto h-col-auto style-356-outer style-local-797-c7-outer\">\n            <div data-colibri-id=\"797-c7\" class=\"d-flex h-flex-basis h-column__inner h-ui-empty-state-container h-px-lg-2 h-px-md-2 h-px-2 v-inner-lg-2 v-inner-md-2 v-inner-2 style-356 style-local-797-c7 position-relative\">\n              <!---->\n              <!---->\n              <div class=\"w-100 h-y-container h-column__content h-column__v-align flex-basis-100\">\n                <!---->\n              <\/div>\n            <\/div>\n          <\/div>\n        <\/div>\n      <\/div>\n    <\/div>\n  <\/div>\n<\/div>","protected":false},"excerpt":{"rendered":"<p>YAKIT TASARRUFU Ara\u00e7lar\u0131n g\u00f6rev harici kullan\u0131lmas\u0131n\u0131 engeller. VER\u0130ML\u0130L\u0130K Zaman\u0131 daha verimli kullanman\u0131z\u0131 sa\u011flar. G\u00dcVENL\u0130K Trafik kurallar\u0131na uyulmas\u0131n\u0131 sa\u011flar. KONTROL Ara\u00e7lar ve s\u00fcr\u00fcc\u00fc \u00fczerindeki denetimi art\u0131r\u0131r. BAKIM MAL\u0130YETLER\u0130NDEN TASARRUF Ar\u0131zya sebep verebilecek kullan\u0131c\u0131 hatalar\u0131n\u0131 tespit eder. OPERASYONEL VER\u0130ML\u0130L\u0130K \u0130\u015f g\u00fcc\u00fcnden \u00f6nemli oranda tasarruf&nbsp;ve zaman kazand\u0131r\u0131r.<\/p>\n","protected":false},"author":1,"featured_media":0,"parent":0,"menu_order":0,"comment_status":"closed","ping_status":"closed","template":"page-templates\/full-width-page.php","meta":{"footnotes":""},"class_list":["post-797","page","type-page","status-publish","hentry"],"_links":{"self":[{"href":"https:\/\/www.alanyaaractakip.com\/index.php\/wp-json\/wp\/v2\/pages\/797","targetHints":{"allow":["GET"]}}],"collection":[{"href":"https:\/\/www.alanyaaractakip.com\/index.php\/wp-json\/wp\/v2\/pages"}],"about":[{"href":"https:\/\/www.alanyaaractakip.com\/index.php\/wp-json\/wp\/v2\/types\/page"}],"author":[{"embeddable":true,"href":"https:\/\/www.alanyaaractakip.com\/index.php\/wp-json\/wp\/v2\/users\/1"}],"replies":[{"embeddable":true,"href":"https:\/\/www.alanyaaractakip.com\/index.php\/wp-json\/wp\/v2\/comments?post=797"}],"version-history":[{"count":9,"href":"https:\/\/www.alanyaaractakip.com\/index.php\/wp-json\/wp\/v2\/pages\/797\/revisions"}],"predecessor-version":[{"id":1156,"href":"https:\/\/www.alanyaaractakip.com\/index.php\/wp-json\/wp\/v2\/pages\/797\/revisions\/1156"}],"wp:attachment":[{"href":"https:\/\/www.alanyaaractakip.com\/index.php\/wp-json\/wp\/v2\/media?parent=797"}],"curies":[{"name":"wp","href":"https:\/\/api.w.org\/{rel}","templated":true}]}}